{"id":72,"date":"2019-01-06T20:28:39","date_gmt":"2019-01-06T20:28:39","guid":{"rendered":"https:\/\/www.runnymedecampus.com\/tours\/?page_id=72"},"modified":"2019-01-09T15:04:57","modified_gmt":"2019-01-09T15:04:57","slug":"get-in-touch","status":"publish","type":"page","link":"https:\/\/www.runnymedecampus.com\/tours\/get-in-touch\/","title":{"rendered":"Get in Touch"},"content":{"rendered":"<div class=\"wpforms-container \" id=\"wpforms-83\"><form id=\"wpforms-form-83\" class=\"wpforms-validate wpforms-form\" data-formid=\"83\" method=\"post\" enctype=\"multipart\/form-data\" action=\"\/tours\/wp-json\/wp\/v2\/pages\/72?wpforms_form_id=83\"><noscript class=\"wpforms-error-noscript\">Please enable JavaScript in your browser to complete this form.<\/noscript><div class=\"wpforms-field-container\"><div id=\"wpforms-83-field_0-container\" class=\"wpforms-field wpforms-field-name\" data-field-id=\"0\"><label class=\"wpforms-field-label\" for=\"wpforms-83-field_0\">Name <span class=\"wpforms-required-label\">*<\/span><\/label><div class=\"wpforms-field-row wpforms-field-medium\"><div class=\"wpforms-field-row-block wpforms-first wpforms-one-half\"><input type=\"text\" id=\"wpforms-83-field_0\" class=\"wpforms-field-name-first wpforms-field-required\" name=\"wpforms[fields][0][first]\" placeholder=\"First\" required><label for=\"wpforms-83-field_0\" class=\"wpforms-field-sublabel after wpforms-sublabel-hide\">First<\/label><\/div><div class=\"wpforms-field-row-block wpforms-one-half\"><input type=\"text\" id=\"wpforms-83-field_0-last\" class=\"wpforms-field-name-last wpforms-field-required\" name=\"wpforms[fields][0][last]\" placeholder=\"Last\" required><label for=\"wpforms-83-field_0-last\" class=\"wpforms-field-sublabel after wpforms-sublabel-hide\">Last<\/label><\/div><\/div><\/div><div id=\"wpforms-83-field_4-container\" class=\"wpforms-field wpforms-field-number\" data-field-id=\"4\"><label class=\"wpforms-field-label\" for=\"wpforms-83-field_4\">Year(s) on campus<\/label><input type=\"number\" pattern=\"[0-9]*\" id=\"wpforms-83-field_4\" class=\"wpforms-field-medium\" name=\"wpforms[fields][4]\" placeholder=\"1969-1972\" ><\/div><div id=\"wpforms-83-field_1-container\" class=\"wpforms-field wpforms-field-email\" data-field-id=\"1\"><label class=\"wpforms-field-label\" for=\"wpforms-83-field_1\">Email Address (will not be shared) <span class=\"wpforms-required-label\">*<\/span><\/label><input type=\"email\" id=\"wpforms-83-field_1\" class=\"wpforms-field-medium wpforms-field-required\" name=\"wpforms[fields][1]\" placeholder=\"you@domain.com\" required><\/div><div id=\"wpforms-83-field_2-container\" class=\"wpforms-field wpforms-field-textarea\" data-field-id=\"2\"><label class=\"wpforms-field-label\" for=\"wpforms-83-field_2\">Comment or memory <span class=\"wpforms-required-label\">*<\/span><\/label><textarea id=\"wpforms-83-field_2\" class=\"wpforms-field-medium wpforms-field-required\" name=\"wpforms[fields][2]\" placeholder=\"Write here ...\" required><\/textarea><\/div><div id=\"wpforms-83-field_5-container\" class=\"wpforms-field wpforms-field-file-upload\" data-field-id=\"5\"><label class=\"wpforms-field-label\" for=\"wpforms-83-field_5\">Something to share?<\/label><div class=\"wpforms-uploader\"\n\tdata-field-id=\"5\"\n\tdata-form-id=\"83\"\n\tdata-input-name=\"wpforms_83_5\"\n\tdata-extensions=\"jpg,jpeg,jpe,gif,png,bmp,tiff,tif,webp,avif,ico,heic,heif,heics,heifs,asf,asx,wmv,wmx,wm,avi,divx,mov,qt,mpeg,mpg,mpe,mp4,m4v,ogv,webm,mkv,3gp,3gpp,3g2,3gp2,txt,asc,c,cc,h,srt,csv,tsv,ics,rtx,css,vtt,mp3,m4a,m4b,aac,ra,ram,wav,xwav,ogg,oga,flac,mid,midi,wma,wax,mka,rtf,pdf,class,tar,zip,gz,gzip,rar,7z,psd,xcf,doc,pot,pps,ppt,wri,xla,xls,xlt,xlw,mpp,docx,docm,dotx,dotm,xlsx,xlsm,xlsb,xltx,xltm,xlam,pptx,pptm,ppsx,ppsm,potx,potm,ppam,sldx,sldm,onetoc,onetoc2,onepkg,oxps,xps,odt,odp,ods,odg,odc,odb,odf,wp,wpd,key,numbers,pages\"\n\tdata-max-size=\"536870912\"\n\tdata-max-file-number=\"1\"\n\tdata-post-max-size=\"536870912\">\n\t<div class=\"dz-message\">\n\t\t<svg viewBox=\"0 0 1024 1024\" focusable=\"false\" class=\"\" data-icon=\"inbox\" width=\"50px\" height=\"50px\" fill=\"#B1B1B1\" aria-hidden=\"true\"><path d=\"M885.2 446.3l-.2-.8-112.2-285.1c-5-16.1-19.9-27.2-36.8-27.2H281.2c-17 0-32.1 11.3-36.9 27.6L139.4 443l-.3.7-.2.8c-1.3 4.9-1.7 9.9-1 14.8-.1 1.6-.2 3.2-.2 4.8V830a60.9 60.9 0 0 0 60.8 60.8h627.2c33.5 0 60.8-27.3 60.9-60.8V464.1c0-1.3 0-2.6-.1-3.7.4-4.9 0-9.6-1.3-14.1zm-295.8-43l-.3 15.7c-.8 44.9-31.8 75.1-77.1 75.1-22.1 0-41.1-7.1-54.8-20.6S436 441.2 435.6 419l-.3-15.7H229.5L309 210h399.2l81.7 193.3H589.4zm-375 76.8h157.3c24.3 57.1 76 90.8 140.4 90.8 33.7 0 65-9.4 90.3-27.2 22.2-15.6 39.5-37.4 50.7-63.6h156.5V814H214.4V480.1z\"><\/path><\/svg>\n\t\t<span class=\"modern-title\">\n\t\t\tClick or drag a file to this area to upload.\t\t<\/span>\n\n\t\t\t<\/div>\n<\/div>\n<input type=\"text\" class=\"dropzone-input\"\n\tstyle=\"position:absolute!important;clip:rect(0,0,0,0)!important;height:1px!important;width:1px!important;border:0!important;overflow:hidden!important;padding:0!important;margin:0!important;\"\n\tid=\"wpforms-83-field_5\"\n\tname=\"wpforms_83_5\" >\n<div class=\"wpforms-field-description\">Add pictures or documents<\/div><\/div><\/div><div class=\"wpforms-field wpforms-field-hp\"><label for=\"wpforms-83-field-hp\" class=\"wpforms-field-label\">Message<\/label><input type=\"text\" name=\"wpforms[hp]\" id=\"wpforms-83-field-hp\" class=\"wpforms-field-medium\"><\/div><div class=\"wpforms-submit-container\" ><input type=\"hidden\" name=\"wpforms[id]\" value=\"83\"><input type=\"hidden\" name=\"wpforms[author]\" value=\"3\"><button type=\"submit\" name=\"wpforms[submit]\" class=\"wpforms-submit \" id=\"wpforms-submit-83\" value=\"wpforms-submit\" aria-live=\"assertive\" data-alt-text=\"Sending...\" data-submit-text=\"Submit\">Submit<\/button><\/div><\/form><\/div>  <!-- .wpforms-container -->\n\n\n<hr class=\"wp-block-separator\"\/>\n\n\n<ol class=\"has-dates has-excerpts wp-block-latest-comments\"><li class=\"wp-block-latest-comments__comment\"><article><footer class=\"wp-block-latest-comments__comment-meta\"><span class=\"wp-block-latest-comments__comment-author\">Julie Norton<\/span> on <a class=\"wp-block-latest-comments__comment-link\" href=\"https:\/\/www.runnymedecampus.com\/tours\/memories\/comment-page-4\/#comment-324866\">Memories<\/a><time datetime=\"2025-11-19T19:46:01+00:00\" class=\"wp-block-latest-comments__comment-date\">November 19, 2025<\/time><\/footer><div class=\"wp-block-latest-comments__comment-excerpt\"><p>Les Porter. Thanks for hijacking me from my canoe coaching to do the last DT PGCE course at Runnymede., great&hellip;<\/p>\n<\/div><\/article><\/li><li class=\"wp-block-latest-comments__comment\"><article><footer class=\"wp-block-latest-comments__comment-meta\"><span class=\"wp-block-latest-comments__comment-author\">Philip Stacey Blow<\/span> on <a class=\"wp-block-latest-comments__comment-link\" href=\"https:\/\/www.runnymedecampus.com\/tours\/about\/comment-page-1\/#comment-324705\">About this project<\/a><time datetime=\"2025-01-09T11:16:46+00:00\" class=\"wp-block-latest-comments__comment-date\">January 9, 2025<\/time><\/footer><div class=\"wp-block-latest-comments__comment-excerpt\"><p>In December 1955 there was a serious train crash at Barnes Station in which 13 people were killed. Among them&hellip;<\/p>\n<\/div><\/article><\/li><li class=\"wp-block-latest-comments__comment\"><article><footer class=\"wp-block-latest-comments__comment-meta\"><span class=\"wp-block-latest-comments__comment-author\">Dennis John Keam<\/span> on <a class=\"wp-block-latest-comments__comment-link\" href=\"https:\/\/www.runnymedecampus.com\/tours\/memories\/comment-page-4\/#comment-324699\">Memories<\/a><time datetime=\"2024-12-27T07:56:54+00:00\" class=\"wp-block-latest-comments__comment-date\">December 27, 2024<\/time><\/footer><div class=\"wp-block-latest-comments__comment-excerpt\"><p>I would love to make contact with anyone in the 57to 90 years. I live in Probus, Truro, have a&hellip;<\/p>\n<\/div><\/article><\/li><li class=\"wp-block-latest-comments__comment\"><article><footer class=\"wp-block-latest-comments__comment-meta\"><span class=\"wp-block-latest-comments__comment-author\">Bianca<\/span> on <a class=\"wp-block-latest-comments__comment-link\" href=\"https:\/\/www.runnymedecampus.com\/tours\/memories\/comment-page-4\/#comment-324676\">Memories<\/a><time datetime=\"2024-11-08T22:48:52+00:00\" class=\"wp-block-latest-comments__comment-date\">November 8, 2024<\/time><\/footer><div class=\"wp-block-latest-comments__comment-excerpt\"><p>Grazie per questo sito,per noi che abbiamo amato lo Shoreditch \u00e8 terribile scoprire che non c&#8217;\u00e8 pi\u00f9&#8230; Sono Bianca, Italiana,&hellip;<\/p>\n<\/div><\/article><\/li><li class=\"wp-block-latest-comments__comment\"><article><footer class=\"wp-block-latest-comments__comment-meta\"><a class=\"wp-block-latest-comments__comment-author\" href=\"http:\/\/www.johnasbridge.com\">John Asbridge<\/a> on <a class=\"wp-block-latest-comments__comment-link\" href=\"https:\/\/www.runnymedecampus.com\/tours\/memories\/comment-page-4\/#comment-324660\">Memories<\/a><time datetime=\"2024-10-17T15:02:41+00:00\" class=\"wp-block-latest-comments__comment-date\">October 17, 2024<\/time><\/footer><div class=\"wp-block-latest-comments__comment-excerpt\"><p>I studied design at Brunel 1996 &#8211; 2001. A fantastic place, views of Windsor Castle, a short stroll to see&hellip;<\/p>\n<\/div><\/article><\/li><li class=\"wp-block-latest-comments__comment\"><article><footer class=\"wp-block-latest-comments__comment-meta\"><span class=\"wp-block-latest-comments__comment-author\">Emanuela Salvi<\/span> on <a class=\"wp-block-latest-comments__comment-link\" href=\"https:\/\/www.runnymedecampus.com\/tours\/memories\/comment-page-4\/#comment-324651\">Memories<\/a><time datetime=\"2024-09-30T19:59:53+00:00\" class=\"wp-block-latest-comments__comment-date\">September 30, 2024<\/time><\/footer><div class=\"wp-block-latest-comments__comment-excerpt\"><p>Sono Emanuela, italiana. Ho soggiornato presso il college di Egham nel 1989 per una vacanza studio&#8230;ricordi meravigliosi<\/p>\n<\/div><\/article><\/li><li class=\"wp-block-latest-comments__comment\"><article><footer class=\"wp-block-latest-comments__comment-meta\"><span class=\"wp-block-latest-comments__comment-author\">Clive Williamson<\/span> on <a class=\"wp-block-latest-comments__comment-link\" href=\"https:\/\/www.runnymedecampus.com\/tours\/memories\/comment-page-4\/#comment-324635\">Memories<\/a><time datetime=\"2024-09-01T15:25:37+00:00\" class=\"wp-block-latest-comments__comment-date\">September 1, 2024<\/time><\/footer><div class=\"wp-block-latest-comments__comment-excerpt\"><p>146\/73 I was in digs down the hill in Egham then two years living in Marshall Hall on the ground&hellip;<\/p>\n<\/div><\/article><\/li><li class=\"wp-block-latest-comments__comment\"><article><footer class=\"wp-block-latest-comments__comment-meta\"><span class=\"wp-block-latest-comments__comment-author\">Zoe Short (Waite)<\/span> on <a class=\"wp-block-latest-comments__comment-link\" href=\"https:\/\/www.runnymedecampus.com\/tours\/memories\/comment-page-4\/#comment-324248\">Memories<\/a><time datetime=\"2019-07-02T15:04:44+00:00\" class=\"wp-block-latest-comments__comment-date\">July 2, 2019<\/time><\/footer><div class=\"wp-block-latest-comments__comment-excerpt\"><p>So glad I came across this &#8211; thank you Tom for taking the time to put this together. I lived&hellip;<\/p>\n<\/div><\/article><\/li><li class=\"wp-block-latest-comments__comment\"><article><footer class=\"wp-block-latest-comments__comment-meta\"><span class=\"wp-block-latest-comments__comment-author\">Dave Edwards<\/span> on <a class=\"wp-block-latest-comments__comment-link\" href=\"https:\/\/www.runnymedecampus.com\/tours\/copyright\/comment-page-1\/#comment-319739\">Copyright Statement<\/a><time datetime=\"2018-12-20T15:07:33+00:00\" class=\"wp-block-latest-comments__comment-date\">December 20, 2018<\/time><\/footer><div class=\"wp-block-latest-comments__comment-excerpt\"><p>just been sent to this site, love to hear from anyone who remembers me (folk club, Archie &amp; Dave, social&hellip;<\/p>\n<\/div><\/article><\/li><li class=\"wp-block-latest-comments__comment\"><article><footer class=\"wp-block-latest-comments__comment-meta\"><span class=\"wp-block-latest-comments__comment-author\">Owen Jones<\/span> on <a class=\"wp-block-latest-comments__comment-link\" href=\"https:\/\/www.runnymedecampus.com\/tours\/memories\/comment-page-4\/#comment-314491\">Memories<\/a><time datetime=\"2018-11-24T01:10:06+00:00\" class=\"wp-block-latest-comments__comment-date\">November 24, 2018<\/time><\/footer><div class=\"wp-block-latest-comments__comment-excerpt\"><p>Hello to everyone, especially those from 81 year. I notice names in the Guestbook&#8230;Graham Pickett, Dave Capes and Norman Salmon.&hellip;<\/p>\n<\/div><\/article><\/li><li class=\"wp-block-latest-comments__comment\"><article><footer class=\"wp-block-latest-comments__comment-meta\"><span class=\"wp-block-latest-comments__comment-author\">Lyndon Bournon<\/span> on <a class=\"wp-block-latest-comments__comment-link\" href=\"https:\/\/www.runnymedecampus.com\/tours\/memories\/comment-page-4\/#comment-295717\">Memories<\/a><time datetime=\"2018-08-21T12:04:35+00:00\" class=\"wp-block-latest-comments__comment-date\">August 21, 2018<\/time><\/footer><div class=\"wp-block-latest-comments__comment-excerpt\"><p>I was a 75 Year student at Shoreditch; English was my main subject. Happy times! Friends included Ed Hooper, Pete&hellip;<\/p>\n<\/div><\/article><\/li><li class=\"wp-block-latest-comments__comment\"><article><footer class=\"wp-block-latest-comments__comment-meta\"><span class=\"wp-block-latest-comments__comment-author\">Richard Gardner<\/span> on <a class=\"wp-block-latest-comments__comment-link\" href=\"https:\/\/www.runnymedecampus.com\/tours\/memories\/comment-page-4\/#comment-285417\">Memories<\/a><time datetime=\"2018-06-17T12:15:05+00:00\" class=\"wp-block-latest-comments__comment-date\">June 17, 2018<\/time><\/footer><div class=\"wp-block-latest-comments__comment-excerpt\"><p>Hello. Reminiscing with my wife as it is 50 years ago this September I went to &#8216;Ditch and showing her&hellip;<\/p>\n<\/div><\/article><\/li><li class=\"wp-block-latest-comments__comment\"><article><footer class=\"wp-block-latest-comments__comment-meta\"><span class=\"wp-block-latest-comments__comment-author\">Mike Meredith<\/span> on <a class=\"wp-block-latest-comments__comment-link\" href=\"https:\/\/www.runnymedecampus.com\/tours\/memories\/comment-page-4\/#comment-280440\">Memories<\/a><time datetime=\"2018-05-17T17:18:53+00:00\" class=\"wp-block-latest-comments__comment-date\">May 17, 2018<\/time><\/footer><div class=\"wp-block-latest-comments__comment-excerpt\"><p>1967 &#8211; 70. Scrivens and president block. Did the full 40 years in Secondary and Middle Schools and as a&hellip;<\/p>\n<\/div><\/article><\/li><li class=\"wp-block-latest-comments__comment\"><article><footer class=\"wp-block-latest-comments__comment-meta\"><span class=\"wp-block-latest-comments__comment-author\">Glyne Drakes<\/span> on <a class=\"wp-block-latest-comments__comment-link\" href=\"https:\/\/www.runnymedecampus.com\/tours\/memories\/comment-page-4\/#comment-265944\">Memories<\/a><time datetime=\"2018-02-05T05:01:45+00:00\" class=\"wp-block-latest-comments__comment-date\">February 5, 2018<\/time><\/footer><div class=\"wp-block-latest-comments__comment-excerpt\"><p>It good to see that this fine campus is being preserved<\/p>\n<\/div><\/article><\/li><li class=\"wp-block-latest-comments__comment\"><article><footer class=\"wp-block-latest-comments__comment-meta\"><span class=\"wp-block-latest-comments__comment-author\">Glyne Drakes<\/span> on <a class=\"wp-block-latest-comments__comment-link\" href=\"https:\/\/www.runnymedecampus.com\/tours\/memories\/comment-page-4\/#comment-265943\">Memories<\/a><time datetime=\"2018-02-05T04:59:22+00:00\" class=\"wp-block-latest-comments__comment-date\">February 5, 2018<\/time><\/footer><div class=\"wp-block-latest-comments__comment-excerpt\"><p>I attended Shoreditch from 1973 to 1974 as a Commonwealth student. My hall of residence was Reed Hall. I thoroughly&hellip;<\/p>\n<\/div><\/article><\/li><li class=\"wp-block-latest-comments__comment\"><article><footer class=\"wp-block-latest-comments__comment-meta\"><span class=\"wp-block-latest-comments__comment-author\">Michael Keegan<\/span> on <a class=\"wp-block-latest-comments__comment-link\" href=\"https:\/\/www.runnymedecampus.com\/tours\/memories\/comment-page-4\/#comment-254353\">Memories<\/a><time datetime=\"2017-11-02T20:27:09+00:00\" class=\"wp-block-latest-comments__comment-date\">November 2, 2017<\/time><\/footer><div class=\"wp-block-latest-comments__comment-excerpt\"><p>I was in `74 year and was an inhabitant of Marshall Hall for two years. Like most of my peers&hellip;<\/p>\n<\/div><\/article><\/li><li class=\"wp-block-latest-comments__comment\"><article><footer class=\"wp-block-latest-comments__comment-meta\"><span class=\"wp-block-latest-comments__comment-author\">Cilla Turver<\/span> on <a class=\"wp-block-latest-comments__comment-link\" href=\"https:\/\/www.runnymedecampus.com\/tours\/memories\/comment-page-4\/#comment-253639\">Memories<\/a><time datetime=\"2017-10-28T20:11:30+00:00\" class=\"wp-block-latest-comments__comment-date\">October 28, 2017<\/time><\/footer><div class=\"wp-block-latest-comments__comment-excerpt\"><p>1985 Brunel student. Great to see this website.<\/p>\n<\/div><\/article><\/li><li class=\"wp-block-latest-comments__comment\"><article><footer class=\"wp-block-latest-comments__comment-meta\"><span class=\"wp-block-latest-comments__comment-author\">Eifion Francis<\/span> on <a class=\"wp-block-latest-comments__comment-link\" href=\"https:\/\/www.runnymedecampus.com\/tours\/memories\/comment-page-4\/#comment-251162\">Memories<\/a><time datetime=\"2017-10-09T18:01:10+00:00\" class=\"wp-block-latest-comments__comment-date\">October 9, 2017<\/time><\/footer><div class=\"wp-block-latest-comments__comment-excerpt\"><p>Just &#8220;stumbled&#8221; on this site. Excellent idea, Sir! Very, very sad to see the demise of &#8220;The Ditch&#8221;. Eifion Francis&hellip;<\/p>\n<\/div><\/article><\/li><li class=\"wp-block-latest-comments__comment\"><article><footer class=\"wp-block-latest-comments__comment-meta\"><span class=\"wp-block-latest-comments__comment-author\">Dr Keith Good<\/span> on <a class=\"wp-block-latest-comments__comment-link\" href=\"https:\/\/www.runnymedecampus.com\/tours\/memories\/comment-page-4\/#comment-250996\">Memories<\/a><time datetime=\"2017-10-08T16:56:20+00:00\" class=\"wp-block-latest-comments__comment-date\">October 8, 2017<\/time><\/footer><div class=\"wp-block-latest-comments__comment-excerpt\"><p>I was 76 year, BEd (Hons) 1977. A very formative four years.10 years in secondary schools and 26 teaching DT&hellip;<\/p>\n<\/div><\/article><\/li><li class=\"wp-block-latest-comments__comment\"><article><footer class=\"wp-block-latest-comments__comment-meta\"><span class=\"wp-block-latest-comments__comment-author\">Stewart Roney<\/span> on <a class=\"wp-block-latest-comments__comment-link\" href=\"https:\/\/www.runnymedecampus.com\/tours\/memories\/comment-page-4\/#comment-242541\">Memories<\/a><time datetime=\"2017-08-10T22:38:32+00:00\" class=\"wp-block-latest-comments__comment-date\">August 10, 2017<\/time><\/footer><div class=\"wp-block-latest-comments__comment-excerpt\"><p>1980 year, lived in Marshall and Bradley Halls. Nice site!<\/p>\n<\/div><\/article><\/li><\/ol>","protected":false},"excerpt":{"rendered":"","protected":false},"author":3,"featured_media":0,"parent":0,"menu_order":0,"comment_status":"closed","ping_status":"closed","template":"","meta":{"footnotes":""},"class_list":["post-72","page","type-page","status-publish","hentry"],"_links":{"self":[{"href":"https:\/\/www.runnymedecampus.com\/tours\/wp-json\/wp\/v2\/pages\/72","targetHints":{"allow":["GET"]}}],"collection":[{"href":"https:\/\/www.runnymedecampus.com\/tours\/wp-json\/wp\/v2\/pages"}],"about":[{"href":"https:\/\/www.runnymedecampus.com\/tours\/wp-json\/wp\/v2\/types\/page"}],"author":[{"embeddable":true,"href":"https:\/\/www.runnymedecampus.com\/tours\/wp-json\/wp\/v2\/users\/3"}],"replies":[{"embeddable":true,"href":"https:\/\/www.runnymedecampus.com\/tours\/wp-json\/wp\/v2\/comments?post=72"}],"version-history":[{"count":2,"href":"https:\/\/www.runnymedecampus.com\/tours\/wp-json\/wp\/v2\/pages\/72\/revisions"}],"predecessor-version":[{"id":85,"href":"https:\/\/www.runnymedecampus.com\/tours\/wp-json\/wp\/v2\/pages\/72\/revisions\/85"}],"wp:attachment":[{"href":"https:\/\/www.runnymedecampus.com\/tours\/wp-json\/wp\/v2\/media?parent=72"}],"curies":[{"name":"wp","href":"https:\/\/api.w.org\/{rel}","templated":true}]}}